{"id":968,"date":"2023-05-25T11:06:40","date_gmt":"2023-05-25T15:06:40","guid":{"rendered":"http:\/\/localhost:8080\/?page_id=968"},"modified":"2023-07-20T14:56:20","modified_gmt":"2023-07-20T18:56:20","slug":"preguntas-frecuentes","status":"publish","type":"page","link":"https:\/\/lakpa.mx\/en\/centro-de-ayuda\/preguntas-frecuentes\/","title":{"rendered":"Preguntas frecuentes"},"content":{"rendered":"<p>Preguntas frecuentes Revisa cada una de nuestras preguntas para que puedas aclarar tus dudas. Asesores \u00bfLAKPA es una entidad regulada por la CNBV? LAKPA es un Asesor en Inversiones con registro ante la CNBV bajo el folio n\u00famero <span class=\"notion-enable-hover\" data-token-index=\"1\">30154-001-(15443)-23\/07\/2021<\/span> verificable en la p\u00e1gina de internet de esa autoridad. (www.cnbv.gob.mx)<\/p>\n<p>&nbsp; \u00bfD\u00f3nde se custodian los portafolios de LAKPA? Las inversiones estar\u00e1n siempre custodiadas en la solidez de las reconocidas instituciones financieras con quienes tenemos acuerdos en una cuenta de inversi\u00f3n a <span class=\"notion-enable-hover\" data-token-index=\"1\">nombre del cliente y quien siempre tiene acceso a su cuenta en el banco o casa de bolsa que haya elegido para realizar sus inversiones.<\/span> LAKPA s\u00f3lo est\u00e1 autorizado para girar ordenes de inversi\u00f3n y nunca retiros a cuentas de terceros sin la aprobaci\u00f3n del cliente. \u00bfC\u00f3mo se remunera LAKPA? Nos enfocamos en la libertad de asesor, en que pueda tener la mejor herramienta tecnol\u00f3gica, producto y estrategias para que pueda ofrecerlas a sus inversionistas, por toda esta infraestructura nosotros podemos cobrar hasta el 10% de lo que los asesores cobran por sus servicios. 60 \u00bfQu\u00e9 beneficios tiene ser un Partner \/ Asesor Financiero LAKPA? LAKPA ofrece una plataforma tecnol\u00f3gica avanzada que te permite gestionar, consolidar y operar los portafolios de tus clientes de manera eficiente. Adem\u00e1s, gracias a los acuerdos que LAKPA ha establecido con diversas instituciones financieras, <strong>tendr\u00e1s acceso a los mejores productos de inversi\u00f3n con los costos m\u00e1s bajos del mercado. Esto te permitir\u00e1 ofrecer a tus clientes una amplia gama de opciones de inversi\u00f3n sin restricciones, y podr\u00e1s seleccionar las instituciones con las que prefieras trabajar.<\/strong><\/p>\n<p>Adem\u00e1s, LAKPA cuenta con una mesa de operaciones integrada en su plataforma, lo que te permite enviar \u00f3rdenes directamente a la instituci\u00f3n financiera donde se encuentre la cuenta de inversi\u00f3n de tu cliente. Esto agiliza el proceso y garantiza una ejecuci\u00f3n r\u00e1pida y eficiente de las transacciones.<\/p>\n<p>Otro recurso invaluable que ofrece LAKPA es su \u00e1rea de estrategia. Aqu\u00ed, contar\u00e1s con expertos en an\u00e1lisis de portafolios y recibir\u00e1s recomendaciones personalizadas. Este servicio te brinda un respaldo adicional en la toma de decisiones financieras y te permite brindar un asesoramiento m\u00e1s s\u00f3lido y fundamentado a tus clientes. \u00bfQu\u00e9 requisitos necesito para pertenecer a la comunidad de LAKPA? Tenemos 3 modalidades: El primero: Asesor Registrado, debes contar con tu n\u00famero de asesor otorgado por la CNBV. Segundo: Asesor no registrado, que est\u00e9s registrado ante la AMIB como Figura. Tercero, y por \u00faltimo como Referenciador, s\u00f3lo tener constituida tu raz\u00f3n social para darte de alta. En las tres opciones podemos ayudarte en el proceso si no cuentas con los requisitos. Clientes \u00bfA trav\u00e9s de qui\u00e9n puedo invertir? En LAKPA contamos con m\u00e1s de 15 acuerdos comerciales con instituciones reguladas en M\u00e9xico y el extranjero. Puedes revisar todos nuestros acuerdos en la secci\u00f3n de Alianzas. \u00bfQu\u00e9 beneficios tiene ser un Cliente en LAKPA? Podr\u00e1s ser atendido por <strong>tu asesor de confianza<\/strong> indistinta la instituci\u00f3n donde mantengas tu cuenta de inversi\u00f3n, adem\u00e1s podr\u00e1s acceder a los mejores productos y soluciones del mercado. Tambi\u00e9n podr\u00e1s consolidar en un mismo lugar diferentes cuentas y no tendr\u00e1s que pagar extra por este servicio. \u00bfPor qu\u00e9 es mejor tener un asesor independiente? En LAKPA al no tener productos propios, queremos que nuestros asesores independientes te recomienden la mejor y m\u00e1s amplia alternativa de productos disponibles en el mercado seg\u00fan tu perfil de riesgo y necesidades. Inversiones \u00bfQu\u00e9 instrumentos encuentro LAKPA? En LAKPA encontrar\u00e1s la m\u00e1s amplia oferta de fondos mutuos, fondos de inversi\u00f3n, ETF, acciones, monedas y diferentes alternativas de inversi\u00f3n en el extranjero. \u00bfSe cobra dinero extra si se invierte con LAKPA? No cobramos adicional. En LAKPA contamos con acuerdos comerciales y son las instituciones quienes nos retribuyen. \u00bfHay un monto m\u00ednimo para invertir? No hay m\u00ednimos, puedes invertir lo que quieras a trav\u00e9s de un Asesor LAKPA de tu confianza. \u00bfPuedo aperturar cuenta en m\u00e1s de una instituci\u00f3n? S\u00ed, puedes tener tantas cuentas de inversi\u00f3n como quieras sin la necesidad de tener un monto m\u00ednimo para poder hacerlo. \u00bfLos clientes pueden operar directamente a trav\u00e9s de la plataforma? Los clientes podr\u00e1n operar a trav\u00e9s de su asesor financiero independiente, pero no podr\u00e1n hacerlo de manera directa.<\/p>\n","protected":false},"excerpt":{"rendered":"<p>Preguntas frecuentes Revisa cada una de nuestras preguntas para que puedas aclarar tus dudas. Asesores \u00bfLAKPA es una entidad regulada por la CNBV? LAKPA es un Asesor en Inversiones con registro ante la CNBV bajo el folio n\u00famero 30154-001-(15443)-23\/07\/2021 verificable en la p\u00e1gina de internet de esa autoridad. (www.cnbv.gob.mx) &nbsp; \u00bfD\u00f3nde se custodian los portafolios [&hellip;]<\/p>\n","protected":false},"author":1,"featured_media":0,"parent":886,"menu_order":2,"comment_status":"closed","ping_status":"closed","template":"modules-template","meta":{"footnotes":""},"acf":[],"yoast_head":"<!-- This site is optimized with the Yoast SEO plugin v22.0 - https:\/\/yoast.com\/wordpress\/plugins\/seo\/ -->\n<title>Preguntas frecuentes - Lakpa<\/title>\n<meta name=\"robots\" content=\"index, follow, max-snippet:-1, max-image-preview:large, max-video-preview:-1\" \/>\n<link rel=\"canonical\" href=\"https:\/\/lakpa.mx\/en\/centro-de-ayuda\/preguntas-frecuentes\/\" \/>\n<meta property=\"og:locale\" content=\"en_US\" \/>\n<meta property=\"og:type\" content=\"article\" \/>\n<meta property=\"og:title\" content=\"Preguntas frecuentes - Lakpa\" \/>\n<meta property=\"og:description\" content=\"Preguntas frecuentes Revisa cada una de nuestras preguntas para que puedas aclarar tus dudas. Asesores \u00bfLAKPA es una entidad regulada por la CNBV? LAKPA es un Asesor en Inversiones con registro ante la CNBV bajo el folio n\u00famero 30154-001-(15443)-23\/07\/2021 verificable en la p\u00e1gina de internet de esa autoridad. (www.cnbv.gob.mx) &nbsp; \u00bfD\u00f3nde se custodian los portafolios [&hellip;]\" \/>\n<meta property=\"og:url\" content=\"https:\/\/lakpa.mx\/en\/centro-de-ayuda\/preguntas-frecuentes\/\" \/>\n<meta property=\"og:site_name\" content=\"Lakpa\" \/>\n<meta property=\"article:modified_time\" content=\"2023-07-20T18:56:20+00:00\" \/>\n<meta name=\"twitter:card\" content=\"summary_large_image\" \/>\n<meta name=\"twitter:label1\" content=\"Est. reading time\" \/>\n\t<meta name=\"twitter:data1\" content=\"4 minutes\" \/>\n<script type=\"application\/ld+json\" class=\"yoast-schema-graph\">{\"@context\":\"https:\/\/schema.org\",\"@graph\":[{\"@type\":\"WebPage\",\"@id\":\"https:\/\/lakpa.mx\/en\/centro-de-ayuda\/preguntas-frecuentes\/\",\"url\":\"https:\/\/lakpa.mx\/en\/centro-de-ayuda\/preguntas-frecuentes\/\",\"name\":\"Preguntas frecuentes - Lakpa\",\"isPartOf\":{\"@id\":\"https:\/\/lakpa.mx\/#website\"},\"datePublished\":\"2023-05-25T15:06:40+00:00\",\"dateModified\":\"2023-07-20T18:56:20+00:00\",\"breadcrumb\":{\"@id\":\"https:\/\/lakpa.mx\/en\/centro-de-ayuda\/preguntas-frecuentes\/#breadcrumb\"},\"inLanguage\":\"en-US\",\"potentialAction\":[{\"@type\":\"ReadAction\",\"target\":[\"https:\/\/lakpa.mx\/en\/centro-de-ayuda\/preguntas-frecuentes\/\"]}]},{\"@type\":\"BreadcrumbList\",\"@id\":\"https:\/\/lakpa.mx\/en\/centro-de-ayuda\/preguntas-frecuentes\/#breadcrumb\",\"itemListElement\":[{\"@type\":\"ListItem\",\"position\":1,\"name\":\"Inicio\",\"item\":\"https:\/\/lakpa.mx\/\"},{\"@type\":\"ListItem\",\"position\":2,\"name\":\"Centro de ayuda\",\"item\":\"https:\/\/lakpa.mx\/centro-de-ayuda\/\"},{\"@type\":\"ListItem\",\"position\":3,\"name\":\"Preguntas frecuentes\"}]},{\"@type\":\"WebSite\",\"@id\":\"https:\/\/lakpa.mx\/#website\",\"url\":\"https:\/\/lakpa.mx\/\",\"name\":\"Lakpa\",\"description\":\"\",\"potentialAction\":[{\"@type\":\"SearchAction\",\"target\":{\"@type\":\"EntryPoint\",\"urlTemplate\":\"https:\/\/lakpa.mx\/?s={search_term_string}\"},\"query-input\":\"required name=search_term_string\"}],\"inLanguage\":\"en-US\"}]}<\/script>\n<!-- \/ Yoast SEO plugin. -->","yoast_head_json":{"title":"Preguntas frecuentes - Lakpa","robots":{"index":"index","follow":"follow","max-snippet":"max-snippet:-1","max-image-preview":"max-image-preview:large","max-video-preview":"max-video-preview:-1"},"canonical":"https:\/\/lakpa.mx\/en\/centro-de-ayuda\/preguntas-frecuentes\/","og_locale":"en_US","og_type":"article","og_title":"Preguntas frecuentes - Lakpa","og_description":"Preguntas frecuentes Revisa cada una de nuestras preguntas para que puedas aclarar tus dudas. Asesores \u00bfLAKPA es una entidad regulada por la CNBV? LAKPA es un Asesor en Inversiones con registro ante la CNBV bajo el folio n\u00famero 30154-001-(15443)-23\/07\/2021 verificable en la p\u00e1gina de internet de esa autoridad. (www.cnbv.gob.mx) &nbsp; \u00bfD\u00f3nde se custodian los portafolios [&hellip;]","og_url":"https:\/\/lakpa.mx\/en\/centro-de-ayuda\/preguntas-frecuentes\/","og_site_name":"Lakpa","article_modified_time":"2023-07-20T18:56:20+00:00","twitter_card":"summary_large_image","twitter_misc":{"Est. reading time":"4 minutes"},"schema":{"@context":"https:\/\/schema.org","@graph":[{"@type":"WebPage","@id":"https:\/\/lakpa.mx\/en\/centro-de-ayuda\/preguntas-frecuentes\/","url":"https:\/\/lakpa.mx\/en\/centro-de-ayuda\/preguntas-frecuentes\/","name":"Preguntas frecuentes - Lakpa","isPartOf":{"@id":"https:\/\/lakpa.mx\/#website"},"datePublished":"2023-05-25T15:06:40+00:00","dateModified":"2023-07-20T18:56:20+00:00","breadcrumb":{"@id":"https:\/\/lakpa.mx\/en\/centro-de-ayuda\/preguntas-frecuentes\/#breadcrumb"},"inLanguage":"en-US","potentialAction":[{"@type":"ReadAction","target":["https:\/\/lakpa.mx\/en\/centro-de-ayuda\/preguntas-frecuentes\/"]}]},{"@type":"BreadcrumbList","@id":"https:\/\/lakpa.mx\/en\/centro-de-ayuda\/preguntas-frecuentes\/#breadcrumb","itemListElement":[{"@type":"ListItem","position":1,"name":"Inicio","item":"https:\/\/lakpa.mx\/"},{"@type":"ListItem","position":2,"name":"Centro de ayuda","item":"https:\/\/lakpa.mx\/centro-de-ayuda\/"},{"@type":"ListItem","position":3,"name":"Preguntas frecuentes"}]},{"@type":"WebSite","@id":"https:\/\/lakpa.mx\/#website","url":"https:\/\/lakpa.mx\/","name":"Lakpa","description":"","potentialAction":[{"@type":"SearchAction","target":{"@type":"EntryPoint","urlTemplate":"https:\/\/lakpa.mx\/?s={search_term_string}"},"query-input":"required name=search_term_string"}],"inLanguage":"en-US"}]}},"_links":{"self":[{"href":"https:\/\/lakpa.mx\/en\/wp-json\/wp\/v2\/pages\/968"}],"collection":[{"href":"https:\/\/lakpa.mx\/en\/wp-json\/wp\/v2\/pages"}],"about":[{"href":"https:\/\/lakpa.mx\/en\/wp-json\/wp\/v2\/types\/page"}],"author":[{"embeddable":true,"href":"https:\/\/lakpa.mx\/en\/wp-json\/wp\/v2\/users\/1"}],"replies":[{"embeddable":true,"href":"https:\/\/lakpa.mx\/en\/wp-json\/wp\/v2\/comments?post=968"}],"version-history":[{"count":15,"href":"https:\/\/lakpa.mx\/en\/wp-json\/wp\/v2\/pages\/968\/revisions"}],"predecessor-version":[{"id":1780,"href":"https:\/\/lakpa.mx\/en\/wp-json\/wp\/v2\/pages\/968\/revisions\/1780"}],"up":[{"embeddable":true,"href":"https:\/\/lakpa.mx\/en\/wp-json\/wp\/v2\/pages\/886"}],"wp:attachment":[{"href":"https:\/\/lakpa.mx\/en\/wp-json\/wp\/v2\/media?parent=968"}],"curies":[{"name":"wp","href":"https:\/\/api.w.org\/{rel}","templated":true}]}}