{"id":857,"date":"2023-05-23T17:30:18","date_gmt":"2023-05-23T21:30:18","guid":{"rendered":"http:\/\/localhost:8080\/?page_id=857"},"modified":"2025-11-10T18:28:09","modified_gmt":"2025-11-10T22:28:09","slug":"alianzas","status":"publish","type":"page","link":"https:\/\/lakpa.mx\/en\/alianzas\/","title":{"rendered":"Alianzas"},"content":{"rendered":"<p>Alianzas Alianzas comerciales 90 S\u00e9 nuestro partner estrat\u00e9gico Transf\u00f3rmate en un asesor LAKPA<\/p>\n","protected":false},"excerpt":{"rendered":"<p>Alianzas Alianzas comerciales 90 S\u00e9 nuestro partner estrat\u00e9gico Transf\u00f3rmate en un asesor LAKPA<\/p>\n","protected":false},"author":1,"featured_media":0,"parent":0,"menu_order":4,"comment_status":"closed","ping_status":"closed","template":"modules-template","meta":{"footnotes":""},"acf":[],"yoast_head":"<!-- This site is optimized with the Yoast SEO plugin v22.0 - https:\/\/yoast.com\/wordpress\/plugins\/seo\/ -->\n<title>Alianzas - Lakpa<\/title>\n<meta name=\"robots\" content=\"index, follow, max-snippet:-1, max-image-preview:large, max-video-preview:-1\" \/>\n<link rel=\"canonical\" href=\"https:\/\/lakpa.mx\/alianzas\/\" \/>\n<meta property=\"og:locale\" content=\"en_US\" \/>\n<meta property=\"og:type\" content=\"article\" \/>\n<meta property=\"og:title\" content=\"Alianzas - Lakpa\" \/>\n<meta property=\"og:description\" content=\"Alianzas Alianzas comerciales 90 S\u00e9 nuestro partner estrat\u00e9gico Transf\u00f3rmate en un asesor LAKPA\" \/>\n<meta property=\"og:url\" content=\"https:\/\/lakpa.mx\/alianzas\/\" \/>\n<meta property=\"og:site_name\" content=\"Lakpa\" \/>\n<meta property=\"article:modified_time\" content=\"2025-11-10T22:28:09+00:00\" \/>\n<meta name=\"twitter:card\" content=\"summary_large_image\" \/>\n<meta name=\"twitter:label1\" content=\"Est. reading time\" \/>\n\t<meta name=\"twitter:data1\" content=\"1 minute\" \/>\n<script type=\"application\/ld+json\" class=\"yoast-schema-graph\">{\"@context\":\"https:\/\/schema.org\",\"@graph\":[{\"@type\":\"WebPage\",\"@id\":\"https:\/\/lakpa.mx\/alianzas\/\",\"url\":\"https:\/\/lakpa.mx\/alianzas\/\",\"name\":\"Alianzas - Lakpa\",\"isPartOf\":{\"@id\":\"https:\/\/lakpa.mx\/#website\"},\"datePublished\":\"2023-05-23T21:30:18+00:00\",\"dateModified\":\"2025-11-10T22:28:09+00:00\",\"breadcrumb\":{\"@id\":\"https:\/\/lakpa.mx\/alianzas\/#breadcrumb\"},\"inLanguage\":\"en-US\",\"potentialAction\":[{\"@type\":\"ReadAction\",\"target\":[\"https:\/\/lakpa.mx\/alianzas\/\"]}]},{\"@type\":\"BreadcrumbList\",\"@id\":\"https:\/\/lakpa.mx\/alianzas\/#breadcrumb\",\"itemListElement\":[{\"@type\":\"ListItem\",\"position\":1,\"name\":\"Inicio\",\"item\":\"https:\/\/lakpa.mx\/\"},{\"@type\":\"ListItem\",\"position\":2,\"name\":\"Alianzas\"}]},{\"@type\":\"WebSite\",\"@id\":\"https:\/\/lakpa.mx\/#website\",\"url\":\"https:\/\/lakpa.mx\/\",\"name\":\"Lakpa\",\"description\":\"\",\"potentialAction\":[{\"@type\":\"SearchAction\",\"target\":{\"@type\":\"EntryPoint\",\"urlTemplate\":\"https:\/\/lakpa.mx\/?s={search_term_string}\"},\"query-input\":\"required name=search_term_string\"}],\"inLanguage\":\"en-US\"}]}<\/script>\n<!-- \/ Yoast SEO plugin. -->","yoast_head_json":{"title":"Alianzas - Lakpa","robots":{"index":"index","follow":"follow","max-snippet":"max-snippet:-1","max-image-preview":"max-image-preview:large","max-video-preview":"max-video-preview:-1"},"canonical":"https:\/\/lakpa.mx\/alianzas\/","og_locale":"en_US","og_type":"article","og_title":"Alianzas - Lakpa","og_description":"Alianzas Alianzas comerciales 90 S\u00e9 nuestro partner estrat\u00e9gico Transf\u00f3rmate en un asesor LAKPA","og_url":"https:\/\/lakpa.mx\/alianzas\/","og_site_name":"Lakpa","article_modified_time":"2025-11-10T22:28:09+00:00","twitter_card":"summary_large_image","twitter_misc":{"Est. reading time":"1 minute"},"schema":{"@context":"https:\/\/schema.org","@graph":[{"@type":"WebPage","@id":"https:\/\/lakpa.mx\/alianzas\/","url":"https:\/\/lakpa.mx\/alianzas\/","name":"Alianzas - Lakpa","isPartOf":{"@id":"https:\/\/lakpa.mx\/#website"},"datePublished":"2023-05-23T21:30:18+00:00","dateModified":"2025-11-10T22:28:09+00:00","breadcrumb":{"@id":"https:\/\/lakpa.mx\/alianzas\/#breadcrumb"},"inLanguage":"en-US","potentialAction":[{"@type":"ReadAction","target":["https:\/\/lakpa.mx\/alianzas\/"]}]},{"@type":"BreadcrumbList","@id":"https:\/\/lakpa.mx\/alianzas\/#breadcrumb","itemListElement":[{"@type":"ListItem","position":1,"name":"Inicio","item":"https:\/\/lakpa.mx\/"},{"@type":"ListItem","position":2,"name":"Alianzas"}]},{"@type":"WebSite","@id":"https:\/\/lakpa.mx\/#website","url":"https:\/\/lakpa.mx\/","name":"Lakpa","description":"","potentialAction":[{"@type":"SearchAction","target":{"@type":"EntryPoint","urlTemplate":"https:\/\/lakpa.mx\/?s={search_term_string}"},"query-input":"required name=search_term_string"}],"inLanguage":"en-US"}]}},"_links":{"self":[{"href":"https:\/\/lakpa.mx\/en\/wp-json\/wp\/v2\/pages\/857"}],"collection":[{"href":"https:\/\/lakpa.mx\/en\/wp-json\/wp\/v2\/pages"}],"about":[{"href":"https:\/\/lakpa.mx\/en\/wp-json\/wp\/v2\/types\/page"}],"author":[{"embeddable":true,"href":"https:\/\/lakpa.mx\/en\/wp-json\/wp\/v2\/users\/1"}],"replies":[{"embeddable":true,"href":"https:\/\/lakpa.mx\/en\/wp-json\/wp\/v2\/comments?post=857"}],"version-history":[{"count":26,"href":"https:\/\/lakpa.mx\/en\/wp-json\/wp\/v2\/pages\/857\/revisions"}],"predecessor-version":[{"id":2208,"href":"https:\/\/lakpa.mx\/en\/wp-json\/wp\/v2\/pages\/857\/revisions\/2208"}],"wp:attachment":[{"href":"https:\/\/lakpa.mx\/en\/wp-json\/wp\/v2\/media?parent=857"}],"curies":[{"name":"wp","href":"https:\/\/api.w.org\/{rel}","templated":true}]}}