{"id":733,"date":"2023-05-22T15:41:17","date_gmt":"2023-05-22T19:41:17","guid":{"rendered":"http:\/\/localhost:8080\/?page_id=733"},"modified":"2024-08-26T13:38:31","modified_gmt":"2024-08-26T17:38:31","slug":"blog","status":"publish","type":"page","link":"https:\/\/lakpa.mx\/en\/blog\/","title":{"rendered":"Blog"},"content":{"rendered":"<div>\n<div>Blog<\/div>\n<\/div>\n<div>\n<div>Revisa los diferentes temas de inter\u00e9s y comparte tu experiencia con nosotros.<\/div>\n<\/div>\n<p> Noticias, art\u00edculos y<\/p>\n<p>mucho m\u00e1s Ent\u00e9rate de las \u00faltimas novedades de LAKPA y los temas principales de la industria  90 Nosotros \u00a1Revisa todo lo que est\u00e1 sucediendo con LAKPA! Nuestro entorno Temas de inter\u00e9s de nuestras principales alianzas comerciales<\/p>\n","protected":false},"excerpt":{"rendered":"<p>Blog Revisa los diferentes temas de inter\u00e9s y comparte tu experiencia con nosotros. Noticias, art\u00edculos y mucho m\u00e1s Ent\u00e9rate de las \u00faltimas novedades de LAKPA y los temas principales de la industria 90 Nosotros \u00a1Revisa todo lo que est\u00e1 sucediendo con LAKPA! Nuestro entorno Temas de inter\u00e9s de nuestras principales alianzas comerciales<\/p>\n","protected":false},"author":1,"featured_media":0,"parent":0,"menu_order":7,"comment_status":"closed","ping_status":"closed","template":"modules-template","meta":{"footnotes":""},"acf":[],"yoast_head":"<!-- This site is optimized with the Yoast SEO plugin v22.0 - https:\/\/yoast.com\/wordpress\/plugins\/seo\/ -->\n<title>Blog - Lakpa<\/title>\n<meta name=\"robots\" content=\"index, follow, max-snippet:-1, max-image-preview:large, max-video-preview:-1\" \/>\n<link rel=\"canonical\" href=\"https:\/\/lakpa.mx\/blog\/\" \/>\n<meta property=\"og:locale\" content=\"en_US\" \/>\n<meta property=\"og:type\" content=\"article\" \/>\n<meta property=\"og:title\" content=\"Blog - Lakpa\" \/>\n<meta property=\"og:description\" content=\"Blog Revisa los diferentes temas de inter\u00e9s y comparte tu experiencia con nosotros. Noticias, art\u00edculos y mucho m\u00e1s Ent\u00e9rate de las \u00faltimas novedades de LAKPA y los temas principales de la industria 90 Nosotros \u00a1Revisa todo lo que est\u00e1 sucediendo con LAKPA! Nuestro entorno Temas de inter\u00e9s de nuestras principales alianzas comerciales\" \/>\n<meta property=\"og:url\" content=\"https:\/\/lakpa.mx\/blog\/\" \/>\n<meta property=\"og:site_name\" content=\"Lakpa\" \/>\n<meta property=\"article:modified_time\" content=\"2024-08-26T17:38:31+00:00\" \/>\n<meta name=\"twitter:card\" content=\"summary_large_image\" \/>\n<meta name=\"twitter:label1\" content=\"Est. reading time\" \/>\n\t<meta name=\"twitter:data1\" content=\"1 minute\" \/>\n<script type=\"application\/ld+json\" class=\"yoast-schema-graph\">{\"@context\":\"https:\/\/schema.org\",\"@graph\":[{\"@type\":\"WebPage\",\"@id\":\"https:\/\/lakpa.mx\/blog\/\",\"url\":\"https:\/\/lakpa.mx\/blog\/\",\"name\":\"Blog - Lakpa\",\"isPartOf\":{\"@id\":\"https:\/\/lakpa.mx\/#website\"},\"datePublished\":\"2023-05-22T19:41:17+00:00\",\"dateModified\":\"2024-08-26T17:38:31+00:00\",\"breadcrumb\":{\"@id\":\"https:\/\/lakpa.mx\/blog\/#breadcrumb\"},\"inLanguage\":\"en-US\",\"potentialAction\":[{\"@type\":\"ReadAction\",\"target\":[\"https:\/\/lakpa.mx\/blog\/\"]}]},{\"@type\":\"BreadcrumbList\",\"@id\":\"https:\/\/lakpa.mx\/blog\/#breadcrumb\",\"itemListElement\":[{\"@type\":\"ListItem\",\"position\":1,\"name\":\"Inicio\",\"item\":\"https:\/\/lakpa.mx\/\"},{\"@type\":\"ListItem\",\"position\":2,\"name\":\"Blog\"}]},{\"@type\":\"WebSite\",\"@id\":\"https:\/\/lakpa.mx\/#website\",\"url\":\"https:\/\/lakpa.mx\/\",\"name\":\"Lakpa\",\"description\":\"\",\"potentialAction\":[{\"@type\":\"SearchAction\",\"target\":{\"@type\":\"EntryPoint\",\"urlTemplate\":\"https:\/\/lakpa.mx\/?s={search_term_string}\"},\"query-input\":\"required name=search_term_string\"}],\"inLanguage\":\"en-US\"}]}<\/script>\n<!-- \/ Yoast SEO plugin. -->","yoast_head_json":{"title":"Blog - Lakpa","robots":{"index":"index","follow":"follow","max-snippet":"max-snippet:-1","max-image-preview":"max-image-preview:large","max-video-preview":"max-video-preview:-1"},"canonical":"https:\/\/lakpa.mx\/blog\/","og_locale":"en_US","og_type":"article","og_title":"Blog - Lakpa","og_description":"Blog Revisa los diferentes temas de inter\u00e9s y comparte tu experiencia con nosotros. Noticias, art\u00edculos y mucho m\u00e1s Ent\u00e9rate de las \u00faltimas novedades de LAKPA y los temas principales de la industria 90 Nosotros \u00a1Revisa todo lo que est\u00e1 sucediendo con LAKPA! Nuestro entorno Temas de inter\u00e9s de nuestras principales alianzas comerciales","og_url":"https:\/\/lakpa.mx\/blog\/","og_site_name":"Lakpa","article_modified_time":"2024-08-26T17:38:31+00:00","twitter_card":"summary_large_image","twitter_misc":{"Est. reading time":"1 minute"},"schema":{"@context":"https:\/\/schema.org","@graph":[{"@type":"WebPage","@id":"https:\/\/lakpa.mx\/blog\/","url":"https:\/\/lakpa.mx\/blog\/","name":"Blog - Lakpa","isPartOf":{"@id":"https:\/\/lakpa.mx\/#website"},"datePublished":"2023-05-22T19:41:17+00:00","dateModified":"2024-08-26T17:38:31+00:00","breadcrumb":{"@id":"https:\/\/lakpa.mx\/blog\/#breadcrumb"},"inLanguage":"en-US","potentialAction":[{"@type":"ReadAction","target":["https:\/\/lakpa.mx\/blog\/"]}]},{"@type":"BreadcrumbList","@id":"https:\/\/lakpa.mx\/blog\/#breadcrumb","itemListElement":[{"@type":"ListItem","position":1,"name":"Inicio","item":"https:\/\/lakpa.mx\/"},{"@type":"ListItem","position":2,"name":"Blog"}]},{"@type":"WebSite","@id":"https:\/\/lakpa.mx\/#website","url":"https:\/\/lakpa.mx\/","name":"Lakpa","description":"","potentialAction":[{"@type":"SearchAction","target":{"@type":"EntryPoint","urlTemplate":"https:\/\/lakpa.mx\/?s={search_term_string}"},"query-input":"required name=search_term_string"}],"inLanguage":"en-US"}]}},"_links":{"self":[{"href":"https:\/\/lakpa.mx\/en\/wp-json\/wp\/v2\/pages\/733"}],"collection":[{"href":"https:\/\/lakpa.mx\/en\/wp-json\/wp\/v2\/pages"}],"about":[{"href":"https:\/\/lakpa.mx\/en\/wp-json\/wp\/v2\/types\/page"}],"author":[{"embeddable":true,"href":"https:\/\/lakpa.mx\/en\/wp-json\/wp\/v2\/users\/1"}],"replies":[{"embeddable":true,"href":"https:\/\/lakpa.mx\/en\/wp-json\/wp\/v2\/comments?post=733"}],"version-history":[{"count":28,"href":"https:\/\/lakpa.mx\/en\/wp-json\/wp\/v2\/pages\/733\/revisions"}],"predecessor-version":[{"id":2168,"href":"https:\/\/lakpa.mx\/en\/wp-json\/wp\/v2\/pages\/733\/revisions\/2168"}],"wp:attachment":[{"href":"https:\/\/lakpa.mx\/en\/wp-json\/wp\/v2\/media?parent=733"}],"curies":[{"name":"wp","href":"https:\/\/api.w.org\/{rel}","templated":true}]}}