{"id":684,"date":"2023-05-19T12:46:42","date_gmt":"2023-05-19T16:46:42","guid":{"rendered":"http:\/\/localhost:8080\/?page_id=684"},"modified":"2023-07-20T14:27:37","modified_gmt":"2023-07-20T18:27:37","slug":"clientes","status":"publish","type":"page","link":"https:\/\/lakpa.mx\/en\/clientes\/","title":{"rendered":"Clientes"},"content":{"rendered":"<p>Clientes \u00a1Con un asesor LAKPA, accedes a m\u00e1s y mejores<\/p>\n<p>alternativas de inversi\u00f3n! 90 Asesor\u00eda humana<\/p>\n<p>y de calidad La relaci\u00f3n y conocimiento que tiene un asesor de su cliente es \u00fanica. Con desarrollo tecnol\u00f3gico y una amplia oferta de productos buscamos entregar las mejores soluciones acordes a cada perfil de riesgo.  \u00bfC\u00f3mo funciona la asesor\u00eda con LAKPA? Confianza Cada cliente mantiene sus inversiones en instituciones reguladas a trav\u00e9s de las cuales mantenemos acuerdos. Estamos regulador por la CNBV n\u00b0 30154-001-(15443)-23\/07\/2021 Diversificaci\u00f3n y consolidaci\u00f3n En LAKPA, podr\u00e1s diversificar en m\u00e1s de una instituci\u00f3n con informaci\u00f3n consolidada en tiempo real. Tu asesor ser\u00e1 quien buscar\u00e1 las mejores soluciones para cumplir tu objetivo. Mejores productos sin pagar de m\u00e1s LAKPA cuenta con la m\u00e1s amplia oferta de productos financieros del mercado, permitiendo acceder a productos que muchas veces no estaban al alcance de todos los clientes. Seguridad y transparencia LAKPA est\u00e1 regulada por la Comisi\u00f3n Nacional Bancaria y de Valores (CNBV). En nuestra plataforma contar\u00e1s con informaci\u00f3n consolidada y reportera diaria, sin perder el acceso directo a la instituci\u00f3n donde mantienes tu cuenta \u00bfCu\u00e1les son los beneficios de ser un cliente LAKPA?  \u00bfQuieres ser contactado por un asesor LAKPA? Escr\u00edbenos<\/p>\n","protected":false},"excerpt":{"rendered":"<p>Clientes \u00a1Con un asesor LAKPA, accedes a m\u00e1s y mejores alternativas de inversi\u00f3n! 90 Asesor\u00eda humana y de calidad La relaci\u00f3n y conocimiento que tiene un asesor de su cliente es \u00fanica. Con desarrollo tecnol\u00f3gico y una amplia oferta de productos buscamos entregar las mejores soluciones acordes a cada perfil de riesgo. \u00bfC\u00f3mo funciona la [&hellip;]<\/p>\n","protected":false},"author":1,"featured_media":0,"parent":0,"menu_order":8,"comment_status":"closed","ping_status":"closed","template":"modules-template","meta":{"footnotes":""},"acf":[],"yoast_head":"<!-- This site is optimized with the Yoast SEO plugin v22.0 - https:\/\/yoast.com\/wordpress\/plugins\/seo\/ -->\n<title>Clientes - Lakpa<\/title>\n<meta name=\"robots\" content=\"index, follow, max-snippet:-1, max-image-preview:large, max-video-preview:-1\" \/>\n<link rel=\"canonical\" href=\"https:\/\/lakpa.mx\/clientes\/\" \/>\n<meta property=\"og:locale\" content=\"en_US\" \/>\n<meta property=\"og:type\" content=\"article\" \/>\n<meta property=\"og:title\" content=\"Clientes - Lakpa\" \/>\n<meta property=\"og:description\" content=\"Clientes \u00a1Con un asesor LAKPA, accedes a m\u00e1s y mejores alternativas de inversi\u00f3n! 90 Asesor\u00eda humana y de calidad La relaci\u00f3n y conocimiento que tiene un asesor de su cliente es \u00fanica. Con desarrollo tecnol\u00f3gico y una amplia oferta de productos buscamos entregar las mejores soluciones acordes a cada perfil de riesgo. \u00bfC\u00f3mo funciona la [&hellip;]\" \/>\n<meta property=\"og:url\" content=\"https:\/\/lakpa.mx\/clientes\/\" \/>\n<meta property=\"og:site_name\" content=\"Lakpa\" \/>\n<meta property=\"article:modified_time\" content=\"2023-07-20T18:27:37+00:00\" \/>\n<meta name=\"twitter:card\" content=\"summary_large_image\" \/>\n<meta name=\"twitter:label1\" content=\"Est. reading time\" \/>\n\t<meta name=\"twitter:data1\" content=\"1 minute\" \/>\n<script type=\"application\/ld+json\" class=\"yoast-schema-graph\">{\"@context\":\"https:\/\/schema.org\",\"@graph\":[{\"@type\":\"WebPage\",\"@id\":\"https:\/\/lakpa.mx\/clientes\/\",\"url\":\"https:\/\/lakpa.mx\/clientes\/\",\"name\":\"Clientes - Lakpa\",\"isPartOf\":{\"@id\":\"https:\/\/lakpa.mx\/#website\"},\"datePublished\":\"2023-05-19T16:46:42+00:00\",\"dateModified\":\"2023-07-20T18:27:37+00:00\",\"breadcrumb\":{\"@id\":\"https:\/\/lakpa.mx\/clientes\/#breadcrumb\"},\"inLanguage\":\"en-US\",\"potentialAction\":[{\"@type\":\"ReadAction\",\"target\":[\"https:\/\/lakpa.mx\/clientes\/\"]}]},{\"@type\":\"BreadcrumbList\",\"@id\":\"https:\/\/lakpa.mx\/clientes\/#breadcrumb\",\"itemListElement\":[{\"@type\":\"ListItem\",\"position\":1,\"name\":\"Inicio\",\"item\":\"https:\/\/lakpa.mx\/\"},{\"@type\":\"ListItem\",\"position\":2,\"name\":\"Clientes\"}]},{\"@type\":\"WebSite\",\"@id\":\"https:\/\/lakpa.mx\/#website\",\"url\":\"https:\/\/lakpa.mx\/\",\"name\":\"Lakpa\",\"description\":\"\",\"potentialAction\":[{\"@type\":\"SearchAction\",\"target\":{\"@type\":\"EntryPoint\",\"urlTemplate\":\"https:\/\/lakpa.mx\/?s={search_term_string}\"},\"query-input\":\"required name=search_term_string\"}],\"inLanguage\":\"en-US\"}]}<\/script>\n<!-- \/ Yoast SEO plugin. -->","yoast_head_json":{"title":"Clientes - Lakpa","robots":{"index":"index","follow":"follow","max-snippet":"max-snippet:-1","max-image-preview":"max-image-preview:large","max-video-preview":"max-video-preview:-1"},"canonical":"https:\/\/lakpa.mx\/clientes\/","og_locale":"en_US","og_type":"article","og_title":"Clientes - Lakpa","og_description":"Clientes \u00a1Con un asesor LAKPA, accedes a m\u00e1s y mejores alternativas de inversi\u00f3n! 90 Asesor\u00eda humana y de calidad La relaci\u00f3n y conocimiento que tiene un asesor de su cliente es \u00fanica. Con desarrollo tecnol\u00f3gico y una amplia oferta de productos buscamos entregar las mejores soluciones acordes a cada perfil de riesgo. \u00bfC\u00f3mo funciona la [&hellip;]","og_url":"https:\/\/lakpa.mx\/clientes\/","og_site_name":"Lakpa","article_modified_time":"2023-07-20T18:27:37+00:00","twitter_card":"summary_large_image","twitter_misc":{"Est. reading time":"1 minute"},"schema":{"@context":"https:\/\/schema.org","@graph":[{"@type":"WebPage","@id":"https:\/\/lakpa.mx\/clientes\/","url":"https:\/\/lakpa.mx\/clientes\/","name":"Clientes - Lakpa","isPartOf":{"@id":"https:\/\/lakpa.mx\/#website"},"datePublished":"2023-05-19T16:46:42+00:00","dateModified":"2023-07-20T18:27:37+00:00","breadcrumb":{"@id":"https:\/\/lakpa.mx\/clientes\/#breadcrumb"},"inLanguage":"en-US","potentialAction":[{"@type":"ReadAction","target":["https:\/\/lakpa.mx\/clientes\/"]}]},{"@type":"BreadcrumbList","@id":"https:\/\/lakpa.mx\/clientes\/#breadcrumb","itemListElement":[{"@type":"ListItem","position":1,"name":"Inicio","item":"https:\/\/lakpa.mx\/"},{"@type":"ListItem","position":2,"name":"Clientes"}]},{"@type":"WebSite","@id":"https:\/\/lakpa.mx\/#website","url":"https:\/\/lakpa.mx\/","name":"Lakpa","description":"","potentialAction":[{"@type":"SearchAction","target":{"@type":"EntryPoint","urlTemplate":"https:\/\/lakpa.mx\/?s={search_term_string}"},"query-input":"required name=search_term_string"}],"inLanguage":"en-US"}]}},"_links":{"self":[{"href":"https:\/\/lakpa.mx\/en\/wp-json\/wp\/v2\/pages\/684"}],"collection":[{"href":"https:\/\/lakpa.mx\/en\/wp-json\/wp\/v2\/pages"}],"about":[{"href":"https:\/\/lakpa.mx\/en\/wp-json\/wp\/v2\/types\/page"}],"author":[{"embeddable":true,"href":"https:\/\/lakpa.mx\/en\/wp-json\/wp\/v2\/users\/1"}],"replies":[{"embeddable":true,"href":"https:\/\/lakpa.mx\/en\/wp-json\/wp\/v2\/comments?post=684"}],"version-history":[{"count":17,"href":"https:\/\/lakpa.mx\/en\/wp-json\/wp\/v2\/pages\/684\/revisions"}],"predecessor-version":[{"id":1773,"href":"https:\/\/lakpa.mx\/en\/wp-json\/wp\/v2\/pages\/684\/revisions\/1773"}],"wp:attachment":[{"href":"https:\/\/lakpa.mx\/en\/wp-json\/wp\/v2\/media?parent=684"}],"curies":[{"name":"wp","href":"https:\/\/api.w.org\/{rel}","templated":true}]}}