{"id":424,"date":"2023-05-17T10:27:00","date_gmt":"2023-05-17T14:27:00","guid":{"rendered":"http:\/\/localhost:8080\/?page_id=424"},"modified":"2023-07-20T14:52:29","modified_gmt":"2023-07-20T18:52:29","slug":"por-que-lakpa","status":"publish","type":"page","link":"https:\/\/lakpa.mx\/en\/por-que-lakpa\/","title":{"rendered":"Por qu\u00e9 Lakpa"},"content":{"rendered":"<p>\u00bfQu\u00e9 es LAKPA? LAKPA es la mayor comunidad de <span style=\"font-weight: 400;\">Asesores Financieros Independientes <\/span>de Chile, que a trav\u00e9s de nuestro ecosistema, los clientes acceden a los mejores productos del mercado. 90 <\/p>\n<h2>Por qu\u00e9 LAKPA<\/h2>\n<p> Asesores independientes \u00a1Sabemos que los mejores asesores de inversi\u00f3n cuentan con la confianza de sus clientes y que, apoyados con la tecnolog\u00eda, pueden entregar un mejor servicio de forma independiente! Sin conflictos ni limitaciones. Democratizaci\u00f3n del acceso a las inversiones Un pilar fundamental de nuestro modelo es la \u00a1libertad de elegir! Elegir mis objetivos, qu\u00e9 productos ofrecer, con qu\u00e9 instituci\u00f3n financiera trabajar y esa libertad est\u00e1 al servicio de los clientes. Buscando siempre lo mejor tanto para asesores como para clientes. Es por eso que en LAKPA hemos desarrollado tanto la tecnolog\u00eda como los servicios que soportan esa libertad. Econom\u00eda Colaborativa Nuestra plataforma permite que los Asesores de Inversi\u00f3n se beneficien del trabajo conjunto, generando la eficiencia y flexibilidad necesaria para alcanzar los objetivos del cliente. 2 Te acompa\u00f1amos para llegar a la cima Te brindamos el acompa\u00f1amiento y las herramientas que necesitas para llegar al objetivo propuesto con tus clientes. Adem\u00e1s de presentar las diferentes opciones de inversi\u00f3n y ahorro, tienes la oportunidad de elegir la que mejor se adapte a tus criterios. Soporte y Respaldo Brindamos el soporte y respaldo a Asesores de Inversi\u00f3n Independientes para fortalecer la relaci\u00f3n comercial con sus clientes.<\/p>\n","protected":false},"excerpt":{"rendered":"<p>\u00bfQu\u00e9 es LAKPA? LAKPA es la mayor comunidad de Asesores Financieros Independientes de Chile, que a trav\u00e9s de nuestro ecosistema, los clientes acceden a los mejores productos del mercado. 90 Por qu\u00e9 LAKPA Asesores independientes \u00a1Sabemos que los mejores asesores de inversi\u00f3n cuentan con la confianza de sus clientes y que, apoyados con la tecnolog\u00eda, [&hellip;]<\/p>\n","protected":false},"author":1,"featured_media":0,"parent":0,"menu_order":14,"comment_status":"closed","ping_status":"closed","template":"modules-template","meta":{"footnotes":""},"acf":[],"yoast_head":"<!-- This site is optimized with the Yoast SEO plugin v22.0 - https:\/\/yoast.com\/wordpress\/plugins\/seo\/ -->\n<title>Por qu\u00e9 Lakpa - Lakpa<\/title>\n<meta name=\"robots\" content=\"index, follow, max-snippet:-1, max-image-preview:large, max-video-preview:-1\" \/>\n<link rel=\"canonical\" href=\"https:\/\/lakpa.mx\/por-que-lakpa\/\" \/>\n<meta property=\"og:locale\" content=\"en_US\" \/>\n<meta property=\"og:type\" content=\"article\" \/>\n<meta property=\"og:title\" content=\"Por qu\u00e9 Lakpa - Lakpa\" \/>\n<meta property=\"og:description\" content=\"\u00bfQu\u00e9 es LAKPA? LAKPA es la mayor comunidad de Asesores Financieros Independientes de Chile, que a trav\u00e9s de nuestro ecosistema, los clientes acceden a los mejores productos del mercado. 90 Por qu\u00e9 LAKPA Asesores independientes \u00a1Sabemos que los mejores asesores de inversi\u00f3n cuentan con la confianza de sus clientes y que, apoyados con la tecnolog\u00eda, [&hellip;]\" \/>\n<meta property=\"og:url\" content=\"https:\/\/lakpa.mx\/por-que-lakpa\/\" \/>\n<meta property=\"og:site_name\" content=\"Lakpa\" \/>\n<meta property=\"article:modified_time\" content=\"2023-07-20T18:52:29+00:00\" \/>\n<meta name=\"twitter:card\" content=\"summary_large_image\" \/>\n<meta name=\"twitter:label1\" content=\"Est. reading time\" \/>\n\t<meta name=\"twitter:data1\" content=\"2 minutes\" \/>\n<script type=\"application\/ld+json\" class=\"yoast-schema-graph\">{\"@context\":\"https:\/\/schema.org\",\"@graph\":[{\"@type\":\"WebPage\",\"@id\":\"https:\/\/lakpa.mx\/por-que-lakpa\/\",\"url\":\"https:\/\/lakpa.mx\/por-que-lakpa\/\",\"name\":\"Por qu\u00e9 Lakpa - Lakpa\",\"isPartOf\":{\"@id\":\"https:\/\/lakpa.mx\/#website\"},\"datePublished\":\"2023-05-17T14:27:00+00:00\",\"dateModified\":\"2023-07-20T18:52:29+00:00\",\"breadcrumb\":{\"@id\":\"https:\/\/lakpa.mx\/por-que-lakpa\/#breadcrumb\"},\"inLanguage\":\"en-US\",\"potentialAction\":[{\"@type\":\"ReadAction\",\"target\":[\"https:\/\/lakpa.mx\/por-que-lakpa\/\"]}]},{\"@type\":\"BreadcrumbList\",\"@id\":\"https:\/\/lakpa.mx\/por-que-lakpa\/#breadcrumb\",\"itemListElement\":[{\"@type\":\"ListItem\",\"position\":1,\"name\":\"Inicio\",\"item\":\"https:\/\/lakpa.mx\/\"},{\"@type\":\"ListItem\",\"position\":2,\"name\":\"Por qu\u00e9 Lakpa\"}]},{\"@type\":\"WebSite\",\"@id\":\"https:\/\/lakpa.mx\/#website\",\"url\":\"https:\/\/lakpa.mx\/\",\"name\":\"Lakpa\",\"description\":\"\",\"potentialAction\":[{\"@type\":\"SearchAction\",\"target\":{\"@type\":\"EntryPoint\",\"urlTemplate\":\"https:\/\/lakpa.mx\/?s={search_term_string}\"},\"query-input\":\"required name=search_term_string\"}],\"inLanguage\":\"en-US\"}]}<\/script>\n<!-- \/ Yoast SEO plugin. -->","yoast_head_json":{"title":"Por qu\u00e9 Lakpa - Lakpa","robots":{"index":"index","follow":"follow","max-snippet":"max-snippet:-1","max-image-preview":"max-image-preview:large","max-video-preview":"max-video-preview:-1"},"canonical":"https:\/\/lakpa.mx\/por-que-lakpa\/","og_locale":"en_US","og_type":"article","og_title":"Por qu\u00e9 Lakpa - Lakpa","og_description":"\u00bfQu\u00e9 es LAKPA? LAKPA es la mayor comunidad de Asesores Financieros Independientes de Chile, que a trav\u00e9s de nuestro ecosistema, los clientes acceden a los mejores productos del mercado. 90 Por qu\u00e9 LAKPA Asesores independientes \u00a1Sabemos que los mejores asesores de inversi\u00f3n cuentan con la confianza de sus clientes y que, apoyados con la tecnolog\u00eda, [&hellip;]","og_url":"https:\/\/lakpa.mx\/por-que-lakpa\/","og_site_name":"Lakpa","article_modified_time":"2023-07-20T18:52:29+00:00","twitter_card":"summary_large_image","twitter_misc":{"Est. reading time":"2 minutes"},"schema":{"@context":"https:\/\/schema.org","@graph":[{"@type":"WebPage","@id":"https:\/\/lakpa.mx\/por-que-lakpa\/","url":"https:\/\/lakpa.mx\/por-que-lakpa\/","name":"Por qu\u00e9 Lakpa - Lakpa","isPartOf":{"@id":"https:\/\/lakpa.mx\/#website"},"datePublished":"2023-05-17T14:27:00+00:00","dateModified":"2023-07-20T18:52:29+00:00","breadcrumb":{"@id":"https:\/\/lakpa.mx\/por-que-lakpa\/#breadcrumb"},"inLanguage":"en-US","potentialAction":[{"@type":"ReadAction","target":["https:\/\/lakpa.mx\/por-que-lakpa\/"]}]},{"@type":"BreadcrumbList","@id":"https:\/\/lakpa.mx\/por-que-lakpa\/#breadcrumb","itemListElement":[{"@type":"ListItem","position":1,"name":"Inicio","item":"https:\/\/lakpa.mx\/"},{"@type":"ListItem","position":2,"name":"Por qu\u00e9 Lakpa"}]},{"@type":"WebSite","@id":"https:\/\/lakpa.mx\/#website","url":"https:\/\/lakpa.mx\/","name":"Lakpa","description":"","potentialAction":[{"@type":"SearchAction","target":{"@type":"EntryPoint","urlTemplate":"https:\/\/lakpa.mx\/?s={search_term_string}"},"query-input":"required name=search_term_string"}],"inLanguage":"en-US"}]}},"_links":{"self":[{"href":"https:\/\/lakpa.mx\/en\/wp-json\/wp\/v2\/pages\/424"}],"collection":[{"href":"https:\/\/lakpa.mx\/en\/wp-json\/wp\/v2\/pages"}],"about":[{"href":"https:\/\/lakpa.mx\/en\/wp-json\/wp\/v2\/types\/page"}],"author":[{"embeddable":true,"href":"https:\/\/lakpa.mx\/en\/wp-json\/wp\/v2\/users\/1"}],"replies":[{"embeddable":true,"href":"https:\/\/lakpa.mx\/en\/wp-json\/wp\/v2\/comments?post=424"}],"version-history":[{"count":23,"href":"https:\/\/lakpa.mx\/en\/wp-json\/wp\/v2\/pages\/424\/revisions"}],"predecessor-version":[{"id":1778,"href":"https:\/\/lakpa.mx\/en\/wp-json\/wp\/v2\/pages\/424\/revisions\/1778"}],"wp:attachment":[{"href":"https:\/\/lakpa.mx\/en\/wp-json\/wp\/v2\/media?parent=424"}],"curies":[{"name":"wp","href":"https:\/\/api.w.org\/{rel}","templated":true}]}}