{"id":352,"date":"2023-05-16T17:03:28","date_gmt":"2023-05-16T21:03:28","guid":{"rendered":"http:\/\/localhost:8080\/?page_id=352"},"modified":"2024-07-18T14:46:27","modified_gmt":"2024-07-18T18:46:27","slug":"que-nos-mueve","status":"publish","type":"page","link":"https:\/\/lakpa.mx\/en\/que-nos-mueve\/","title":{"rendered":"Qu\u00e9 nos mueve"},"content":{"rendered":"<p>\u00bfQu\u00e9 es LAKPA? <span class=\"notion-enable-hover\" data-token-index=\"0\">LAKPA es una comunidad de asesores financieros independientes que brinda a los clientes acceso a una amplia gama de instrumentos de inversi\u00f3n a trav\u00e9s de nuestra plataforma.<\/span> 90 Qu\u00e9 nos mueve Nuestro ecosistema facilita la operaci\u00f3n de los portafolios, permitiendo a los clientes aprovechar al m\u00e1ximo las oportunidades del mercado financiero. Es por esto que nos estamos transformando en la mayor comunidad de asesores financieros independiente de Hispanoam\u00e9rica. Clientes Activos Nuestros Partners Alianzas Comerciales<\/p>\n","protected":false},"excerpt":{"rendered":"<p>\u00bfQu\u00e9 es LAKPA? LAKPA es una comunidad de asesores financieros independientes que brinda a los clientes acceso a una amplia gama de instrumentos de inversi\u00f3n a trav\u00e9s de nuestra plataforma. 90 Qu\u00e9 nos mueve Nuestro ecosistema facilita la operaci\u00f3n de los portafolios, permitiendo a los clientes aprovechar al m\u00e1ximo las oportunidades del mercado financiero. Es [&hellip;]<\/p>\n","protected":false},"author":1,"featured_media":0,"parent":0,"menu_order":16,"comment_status":"closed","ping_status":"closed","template":"modules-template","meta":{"footnotes":""},"acf":[],"yoast_head":"<!-- This site is optimized with the Yoast SEO plugin v22.0 - https:\/\/yoast.com\/wordpress\/plugins\/seo\/ -->\n<title>Qu\u00e9 nos mueve - Lakpa<\/title>\n<meta name=\"robots\" content=\"index, follow, max-snippet:-1, max-image-preview:large, max-video-preview:-1\" \/>\n<link rel=\"canonical\" href=\"https:\/\/lakpa.mx\/que-nos-mueve\/\" \/>\n<meta property=\"og:locale\" content=\"en_US\" \/>\n<meta property=\"og:type\" content=\"article\" \/>\n<meta property=\"og:title\" content=\"Qu\u00e9 nos mueve - Lakpa\" \/>\n<meta property=\"og:description\" content=\"\u00bfQu\u00e9 es LAKPA? LAKPA es una comunidad de asesores financieros independientes que brinda a los clientes acceso a una amplia gama de instrumentos de inversi\u00f3n a trav\u00e9s de nuestra plataforma. 90 Qu\u00e9 nos mueve Nuestro ecosistema facilita la operaci\u00f3n de los portafolios, permitiendo a los clientes aprovechar al m\u00e1ximo las oportunidades del mercado financiero. Es [&hellip;]\" \/>\n<meta property=\"og:url\" content=\"https:\/\/lakpa.mx\/que-nos-mueve\/\" \/>\n<meta property=\"og:site_name\" content=\"Lakpa\" \/>\n<meta property=\"article:modified_time\" content=\"2024-07-18T18:46:27+00:00\" \/>\n<meta name=\"twitter:card\" content=\"summary_large_image\" \/>\n<meta name=\"twitter:label1\" content=\"Est. reading time\" \/>\n\t<meta name=\"twitter:data1\" content=\"1 minute\" \/>\n<script type=\"application\/ld+json\" class=\"yoast-schema-graph\">{\"@context\":\"https:\/\/schema.org\",\"@graph\":[{\"@type\":\"WebPage\",\"@id\":\"https:\/\/lakpa.mx\/que-nos-mueve\/\",\"url\":\"https:\/\/lakpa.mx\/que-nos-mueve\/\",\"name\":\"Qu\u00e9 nos mueve - Lakpa\",\"isPartOf\":{\"@id\":\"https:\/\/lakpa.mx\/#website\"},\"datePublished\":\"2023-05-16T21:03:28+00:00\",\"dateModified\":\"2024-07-18T18:46:27+00:00\",\"breadcrumb\":{\"@id\":\"https:\/\/lakpa.mx\/que-nos-mueve\/#breadcrumb\"},\"inLanguage\":\"en-US\",\"potentialAction\":[{\"@type\":\"ReadAction\",\"target\":[\"https:\/\/lakpa.mx\/que-nos-mueve\/\"]}]},{\"@type\":\"BreadcrumbList\",\"@id\":\"https:\/\/lakpa.mx\/que-nos-mueve\/#breadcrumb\",\"itemListElement\":[{\"@type\":\"ListItem\",\"position\":1,\"name\":\"Inicio\",\"item\":\"https:\/\/lakpa.mx\/\"},{\"@type\":\"ListItem\",\"position\":2,\"name\":\"Qu\u00e9 nos mueve\"}]},{\"@type\":\"WebSite\",\"@id\":\"https:\/\/lakpa.mx\/#website\",\"url\":\"https:\/\/lakpa.mx\/\",\"name\":\"Lakpa\",\"description\":\"\",\"potentialAction\":[{\"@type\":\"SearchAction\",\"target\":{\"@type\":\"EntryPoint\",\"urlTemplate\":\"https:\/\/lakpa.mx\/?s={search_term_string}\"},\"query-input\":\"required name=search_term_string\"}],\"inLanguage\":\"en-US\"}]}<\/script>\n<!-- \/ Yoast SEO plugin. -->","yoast_head_json":{"title":"Qu\u00e9 nos mueve - Lakpa","robots":{"index":"index","follow":"follow","max-snippet":"max-snippet:-1","max-image-preview":"max-image-preview:large","max-video-preview":"max-video-preview:-1"},"canonical":"https:\/\/lakpa.mx\/que-nos-mueve\/","og_locale":"en_US","og_type":"article","og_title":"Qu\u00e9 nos mueve - Lakpa","og_description":"\u00bfQu\u00e9 es LAKPA? LAKPA es una comunidad de asesores financieros independientes que brinda a los clientes acceso a una amplia gama de instrumentos de inversi\u00f3n a trav\u00e9s de nuestra plataforma. 90 Qu\u00e9 nos mueve Nuestro ecosistema facilita la operaci\u00f3n de los portafolios, permitiendo a los clientes aprovechar al m\u00e1ximo las oportunidades del mercado financiero. Es [&hellip;]","og_url":"https:\/\/lakpa.mx\/que-nos-mueve\/","og_site_name":"Lakpa","article_modified_time":"2024-07-18T18:46:27+00:00","twitter_card":"summary_large_image","twitter_misc":{"Est. reading time":"1 minute"},"schema":{"@context":"https:\/\/schema.org","@graph":[{"@type":"WebPage","@id":"https:\/\/lakpa.mx\/que-nos-mueve\/","url":"https:\/\/lakpa.mx\/que-nos-mueve\/","name":"Qu\u00e9 nos mueve - Lakpa","isPartOf":{"@id":"https:\/\/lakpa.mx\/#website"},"datePublished":"2023-05-16T21:03:28+00:00","dateModified":"2024-07-18T18:46:27+00:00","breadcrumb":{"@id":"https:\/\/lakpa.mx\/que-nos-mueve\/#breadcrumb"},"inLanguage":"en-US","potentialAction":[{"@type":"ReadAction","target":["https:\/\/lakpa.mx\/que-nos-mueve\/"]}]},{"@type":"BreadcrumbList","@id":"https:\/\/lakpa.mx\/que-nos-mueve\/#breadcrumb","itemListElement":[{"@type":"ListItem","position":1,"name":"Inicio","item":"https:\/\/lakpa.mx\/"},{"@type":"ListItem","position":2,"name":"Qu\u00e9 nos mueve"}]},{"@type":"WebSite","@id":"https:\/\/lakpa.mx\/#website","url":"https:\/\/lakpa.mx\/","name":"Lakpa","description":"","potentialAction":[{"@type":"SearchAction","target":{"@type":"EntryPoint","urlTemplate":"https:\/\/lakpa.mx\/?s={search_term_string}"},"query-input":"required name=search_term_string"}],"inLanguage":"en-US"}]}},"_links":{"self":[{"href":"https:\/\/lakpa.mx\/en\/wp-json\/wp\/v2\/pages\/352"}],"collection":[{"href":"https:\/\/lakpa.mx\/en\/wp-json\/wp\/v2\/pages"}],"about":[{"href":"https:\/\/lakpa.mx\/en\/wp-json\/wp\/v2\/types\/page"}],"author":[{"embeddable":true,"href":"https:\/\/lakpa.mx\/en\/wp-json\/wp\/v2\/users\/1"}],"replies":[{"embeddable":true,"href":"https:\/\/lakpa.mx\/en\/wp-json\/wp\/v2\/comments?post=352"}],"version-history":[{"count":13,"href":"https:\/\/lakpa.mx\/en\/wp-json\/wp\/v2\/pages\/352\/revisions"}],"predecessor-version":[{"id":2150,"href":"https:\/\/lakpa.mx\/en\/wp-json\/wp\/v2\/pages\/352\/revisions\/2150"}],"wp:attachment":[{"href":"https:\/\/lakpa.mx\/en\/wp-json\/wp\/v2\/media?parent=352"}],"curies":[{"name":"wp","href":"https:\/\/api.w.org\/{rel}","templated":true}]}}