{"id":20,"date":"2023-04-24T18:30:41","date_gmt":"2023-04-24T22:30:41","guid":{"rendered":"http:\/\/localhost:8080\/?page_id=20"},"modified":"2025-11-10T18:29:13","modified_gmt":"2025-11-10T22:29:13","slug":"inicio","status":"publish","type":"page","link":"https:\/\/lakpa.mx\/en\/","title":{"rendered":"Inicio"},"content":{"rendered":"<p>Construyendo la comunidad de <strong>Asesores Financieros Independientes<\/strong> m\u00e1s grande de M\u00e9xico Una Nueva forma de gestionar Inversiones Nuestro desarrollo tecnol\u00f3gico rompe paradigmas de la asesor\u00eda de inversi\u00f3n; los asesores pueden realizar su labor de forma independiente y todos los clientes pueden optar a los mejores productos de inversi\u00f3n. \u00a1Transf\u00f3rmate en un asesor de inversiones independiente con el<strong> respaldo y soporte de LAKPA!<\/strong> Plataforma de Inversiones El equipo de estrategia en inversiones de LAKPA cuenta con 100% independencia para recomendar los mejores productos de inversi\u00f3n en el mercado y que tus clientes puedan acceder a ellos Comunidad Colaborativa Nuestra comunidad de asesores independientes trabaja colaborativamente para obtener las mejores condiciones y productos para sus clientes. Relaci\u00f3n de confianza LAKPA es una instituci\u00f3n regulada por la Comisi\u00f3n Nacional Bancaria y de Valores (CNBV) Con LAKPA, nuestros clientes <strong>logran sus objetivos financieros<\/strong> Oferta de productos No tenemos productos propios, pero s\u00ed contamos con 100% de independencia para recomendar los mejores productos del mercado. Riesgos y Seguridad Nuestro servicio es de asesor\u00eda de inversi\u00f3n, no custodiamos ni administramos dineros, por eso tenemos acuerdos con s\u00f3lidas y reconocidas instituciones financieras. Eficiencia en Costos Gracias a los acuerdos de LAKPA con las instituciones, el asesor puede ofrecer un fee m\u00e1s transparente con los clientes y mayores eficiencias.  <\/p>\n<h1>Nuestras convicciones <strong>en LAKPA<\/strong><\/h1>\n<p> Asesores independientes \u00a1Sabemos que los mejores asesores de inversi\u00f3n cuentan con la confianza de sus clientes y que, apoyados con la tecnolog\u00eda, pueden entregar un mejor servicio de forma independiente! Sin conflictos ni limitaciones. Democratizaci\u00f3n del acceso a las inversiones Un pilar fundamental de nuestro modelo es la \u00a1libertad de elegir! Elegir mis objetivos, qu\u00e9 productos ofrecer, con qu\u00e9 instituci\u00f3n financiera trabajar y esa libertad est\u00e1 al servicio de los clientes. Buscando siempre lo mejor tanto para asesores como para clientes. Es por eso que en LAKPA hemos desarrollado tanto la tecnolog\u00eda como los servicios que soportan esa libertad. Econom\u00eda Colaborativa Nuestra plataforma permite que los Asesores de Inversi\u00f3n se beneficien del trabajo conjunto, generando la eficiencia y flexibilidad necesaria para alcanzar los objetivos del cliente. Novedades de Lakpa Art\u00edculos y consejos Noticias 60 Nuestras Alianzas<\/p>\n","protected":false},"excerpt":{"rendered":"<p>Construyendo la comunidad de Asesores Financieros Independientes m\u00e1s grande de M\u00e9xico Una Nueva forma de gestionar Inversiones Nuestro desarrollo tecnol\u00f3gico rompe paradigmas de la asesor\u00eda de inversi\u00f3n; los asesores pueden realizar su labor de forma independiente y todos los clientes pueden optar a los mejores productos de inversi\u00f3n. \u00a1Transf\u00f3rmate en un asesor de inversiones independiente [&hellip;]<\/p>\n","protected":false},"author":1,"featured_media":0,"parent":0,"menu_order":17,"comment_status":"closed","ping_status":"closed","template":"modules-template","meta":{"footnotes":""},"acf":[],"yoast_head":"<!-- This site is optimized with the Yoast SEO plugin v22.0 - https:\/\/yoast.com\/wordpress\/plugins\/seo\/ -->\n<title>Inicio - Lakpa<\/title>\n<meta name=\"robots\" content=\"index, follow, max-snippet:-1, max-image-preview:large, max-video-preview:-1\" \/>\n<link rel=\"canonical\" href=\"https:\/\/lakpa.mx\/\" \/>\n<meta property=\"og:locale\" content=\"en_US\" \/>\n<meta property=\"og:type\" content=\"article\" \/>\n<meta property=\"og:title\" content=\"Inicio - Lakpa\" \/>\n<meta property=\"og:description\" content=\"Construyendo la comunidad de Asesores Financieros Independientes m\u00e1s grande de M\u00e9xico Una Nueva forma de gestionar Inversiones Nuestro desarrollo tecnol\u00f3gico rompe paradigmas de la asesor\u00eda de inversi\u00f3n; los asesores pueden realizar su labor de forma independiente y todos los clientes pueden optar a los mejores productos de inversi\u00f3n. \u00a1Transf\u00f3rmate en un asesor de inversiones independiente [&hellip;]\" \/>\n<meta property=\"og:url\" content=\"https:\/\/lakpa.mx\/\" \/>\n<meta property=\"og:site_name\" content=\"Lakpa\" \/>\n<meta property=\"article:modified_time\" content=\"2025-11-10T22:29:13+00:00\" \/>\n<meta name=\"twitter:card\" content=\"summary_large_image\" \/>\n<meta name=\"twitter:label1\" content=\"Est. reading time\" \/>\n\t<meta name=\"twitter:data1\" content=\"2 minutes\" \/>\n<script type=\"application\/ld+json\" class=\"yoast-schema-graph\">{\"@context\":\"https:\/\/schema.org\",\"@graph\":[{\"@type\":\"WebPage\",\"@id\":\"https:\/\/lakpa.mx\/\",\"url\":\"https:\/\/lakpa.mx\/\",\"name\":\"Inicio - Lakpa\",\"isPartOf\":{\"@id\":\"https:\/\/lakpa.mx\/#website\"},\"datePublished\":\"2023-04-24T22:30:41+00:00\",\"dateModified\":\"2025-11-10T22:29:13+00:00\",\"breadcrumb\":{\"@id\":\"https:\/\/lakpa.mx\/#breadcrumb\"},\"inLanguage\":\"en-US\",\"potentialAction\":[{\"@type\":\"ReadAction\",\"target\":[\"https:\/\/lakpa.mx\/\"]}]},{\"@type\":\"BreadcrumbList\",\"@id\":\"https:\/\/lakpa.mx\/#breadcrumb\",\"itemListElement\":[{\"@type\":\"ListItem\",\"position\":1,\"name\":\"Inicio\",\"item\":\"https:\/\/lakpa.mx\/\"},{\"@type\":\"ListItem\",\"position\":2,\"name\":\"Inicio\"}]},{\"@type\":\"WebSite\",\"@id\":\"https:\/\/lakpa.mx\/#website\",\"url\":\"https:\/\/lakpa.mx\/\",\"name\":\"Lakpa\",\"description\":\"\",\"potentialAction\":[{\"@type\":\"SearchAction\",\"target\":{\"@type\":\"EntryPoint\",\"urlTemplate\":\"https:\/\/lakpa.mx\/?s={search_term_string}\"},\"query-input\":\"required name=search_term_string\"}],\"inLanguage\":\"en-US\"}]}<\/script>\n<!-- \/ Yoast SEO plugin. -->","yoast_head_json":{"title":"Inicio - Lakpa","robots":{"index":"index","follow":"follow","max-snippet":"max-snippet:-1","max-image-preview":"max-image-preview:large","max-video-preview":"max-video-preview:-1"},"canonical":"https:\/\/lakpa.mx\/","og_locale":"en_US","og_type":"article","og_title":"Inicio - Lakpa","og_description":"Construyendo la comunidad de Asesores Financieros Independientes m\u00e1s grande de M\u00e9xico Una Nueva forma de gestionar Inversiones Nuestro desarrollo tecnol\u00f3gico rompe paradigmas de la asesor\u00eda de inversi\u00f3n; los asesores pueden realizar su labor de forma independiente y todos los clientes pueden optar a los mejores productos de inversi\u00f3n. \u00a1Transf\u00f3rmate en un asesor de inversiones independiente [&hellip;]","og_url":"https:\/\/lakpa.mx\/","og_site_name":"Lakpa","article_modified_time":"2025-11-10T22:29:13+00:00","twitter_card":"summary_large_image","twitter_misc":{"Est. reading time":"2 minutes"},"schema":{"@context":"https:\/\/schema.org","@graph":[{"@type":"WebPage","@id":"https:\/\/lakpa.mx\/","url":"https:\/\/lakpa.mx\/","name":"Inicio - Lakpa","isPartOf":{"@id":"https:\/\/lakpa.mx\/#website"},"datePublished":"2023-04-24T22:30:41+00:00","dateModified":"2025-11-10T22:29:13+00:00","breadcrumb":{"@id":"https:\/\/lakpa.mx\/#breadcrumb"},"inLanguage":"en-US","potentialAction":[{"@type":"ReadAction","target":["https:\/\/lakpa.mx\/"]}]},{"@type":"BreadcrumbList","@id":"https:\/\/lakpa.mx\/#breadcrumb","itemListElement":[{"@type":"ListItem","position":1,"name":"Inicio","item":"https:\/\/lakpa.mx\/"},{"@type":"ListItem","position":2,"name":"Inicio"}]},{"@type":"WebSite","@id":"https:\/\/lakpa.mx\/#website","url":"https:\/\/lakpa.mx\/","name":"Lakpa","description":"","potentialAction":[{"@type":"SearchAction","target":{"@type":"EntryPoint","urlTemplate":"https:\/\/lakpa.mx\/?s={search_term_string}"},"query-input":"required name=search_term_string"}],"inLanguage":"en-US"}]}},"_links":{"self":[{"href":"https:\/\/lakpa.mx\/en\/wp-json\/wp\/v2\/pages\/20"}],"collection":[{"href":"https:\/\/lakpa.mx\/en\/wp-json\/wp\/v2\/pages"}],"about":[{"href":"https:\/\/lakpa.mx\/en\/wp-json\/wp\/v2\/types\/page"}],"author":[{"embeddable":true,"href":"https:\/\/lakpa.mx\/en\/wp-json\/wp\/v2\/users\/1"}],"replies":[{"embeddable":true,"href":"https:\/\/lakpa.mx\/en\/wp-json\/wp\/v2\/comments?post=20"}],"version-history":[{"count":98,"href":"https:\/\/lakpa.mx\/en\/wp-json\/wp\/v2\/pages\/20\/revisions"}],"predecessor-version":[{"id":2209,"href":"https:\/\/lakpa.mx\/en\/wp-json\/wp\/v2\/pages\/20\/revisions\/2209"}],"wp:attachment":[{"href":"https:\/\/lakpa.mx\/en\/wp-json\/wp\/v2\/media?parent=20"}],"curies":[{"name":"wp","href":"https:\/\/api.w.org\/{rel}","templated":true}]}}